{"id":10628,"date":"2024-05-22T01:24:57","date_gmt":"2024-05-22T01:24:57","guid":{"rendered":"https:\/\/demo.bravisthemes.com\/graviton\/?page_id=10628"},"modified":"2025-10-24T12:34:17","modified_gmt":"2025-10-24T10:34:17","slug":"home","status":"publish","type":"page","link":"https:\/\/www.elmont-pro.com\/de\/","title":{"rendered":"Home"},"content":{"rendered":"<div data-elementor-type=\"wp-page\" data-elementor-id=\"10628\" class=\"elementor elementor-10628\">\n\t\t\t\t        <section class=\"elementor-section elementor-top-section elementor-element elementor-element-8b1edde elementor-section-boxed elementor-section-height-default elementor-section-height-default pxl-row-scroll-none pxl-zoom-point-false pxl-section-overflow-visible pxl-section-fix-none pxl-bg-color-none pxl-section-overlay-none\" data-id=\"8b1edde\" data-element_type=\"section\">\n\n                \n                <div class=\"elementor-container elementor-column-gap-no\">\n                <div class=\"elementor-column elementor-col-100 elementor-top-column elementor-element elementor-element-e229656 pxl-column-none pxl-column-overflow-hidden-no\" data-id=\"e229656\" data-element_type=\"column\">\r\n        <div class=\"elementor-widget-wrap elementor-element-populated\">\r\n                     \r\n        \t\t<div class=\"elementor-element elementor-element-831867e elementor-widget elementor-widget-slider_revolution\" data-id=\"831867e\" data-element_type=\"widget\" data-widget_type=\"slider_revolution.default\">\n\t\t\t\t<div class=\"elementor-widget-container\">\n\t\t\t\t\t\n\t\t<div class=\"wp-block-themepunch-revslider\">\n\t\t\t\t<p class=\"rs-p-wp-fix\"><\/p>\n\t\t\t\t<sr7-module data-alias=\"slider-2-12\" data-id=\"9\" id=\"SR7_9_1\" class=\"rs-ov-hidden\" data-version=\"6.7.32\">\n\t\t\t\t\t<sr7-adjuster><\/sr7-adjuster>\n\t\t\t\t\t<sr7-content>\n\t\t\t\t\t\t<sr7-slide id=\"SR7_9_1-27\" data-key=\"27\">\n\t\t\t\t\t\t\t<sr7-bg id=\"SR7_9_1-27-3\" class=\"sr7-layer\"><noscript><img decoding=\"async\" src=\"https:\/\/www.elmont-pro.com\/wp-content\/uploads\/revslider\/slider-2-1\/slajder-1-min.png\" alt=\"\" title=\"slajder-1-min.png\"><\/noscript><\/sr7-bg>\n\t\t\t\t\t\t\t<sr7-txt id=\"SR7_9_1-27-1\" class=\"sr7-layer\">Unser Team besteht aus erfahrenen Elektrikern und Ingenieuren mit umfassenden Kenntnissen und praktischer Erfahrung im Bereich elektrischer Energie- und Kommunikationssysteme. Wir setzen jedes Projekt mit h\u00f6chster Pr\u00e4zision um und beachten dabei die h\u00f6chsten Sicherheits- und Qualit\u00e4tsstandards.<\/sr7-txt>\n\t\t\t\t\t\t\t<sr7-txt id=\"SR7_9_1-27-2\" class=\"sr7-layer\">Professionelle und qualifizierte Mitarbeiter<\/sr7-txt>\n\t\t\t\t\t\t<\/sr7-slide>\n\t\t\t\t\t\t<sr7-slide id=\"SR7_9_1-28\" data-key=\"28\">\n\t\t\t\t\t\t\t<sr7-bg id=\"SR7_9_1-28-3\" class=\"sr7-layer\"><noscript><img decoding=\"async\" src=\"https:\/\/www.elmont-pro.com\/wp-content\/uploads\/revslider\/slider-2-1\/slajder-2-min.png\" alt=\"\" title=\"slajder-2-min.png\"><\/noscript><\/sr7-bg>\n\t\t\t\t\t\t\t<sr7-txt id=\"SR7_9_1-28-1\" class=\"sr7-layer\">Wir sind spezialisiert auf die Planung, den Bau und die Wartung von Stromversorgungs- und Kommunikationssystemen. Unsere Fachkompetenz und Zuverl\u00e4ssigkeit machen uns zu einem vertrauensw\u00fcrdigen Partner in jeder Phase der Umsetzung.<\/sr7-txt>\n\t\t\t\t\t\t\t<sr7-txt id=\"SR7_9_1-28-2\" class=\"sr7-layer\">L\u00f6sungen, die Energie vorantreiben<\/sr7-txt>\n\t\t\t\t\t\t<\/sr7-slide>\n\t\t\t\t\t\t<sr7-slide id=\"SR7_9_1-29\" data-key=\"29\">\n\t\t\t\t\t\t\t<sr7-bg id=\"SR7_9_1-29-3\" class=\"sr7-layer\"><noscript><img decoding=\"async\" src=\"https:\/\/www.elmont-pro.com\/wp-content\/uploads\/revslider\/slider-2-1\/slajder-3-min.png\" alt=\"\" title=\"slajder-3-min.png\"><\/noscript><\/sr7-bg>\n\t\t\t\t\t\t\t<sr7-txt id=\"SR7_9_1-29-1\" class=\"sr7-layer\">Unser Ziel ist es, Dienstleistungen gem\u00e4\u00df den Standards der Branche und technische L\u00f6sungen anzubieten, die den Kunden Sicherheit und Einsparungen bringen.<\/sr7-txt>\n\t\t\t\t\t\t\t<sr7-txt id=\"SR7_9_1-29-2\" class=\"sr7-layer\">Qualit\u00e4t und Sicherheit<\/sr7-txt>\n\t\t\t\t\t\t<\/sr7-slide>\n\t\t\t\t\t\t<sr7-slide id=\"SR7_9_1-30\" data-key=\"30\">\n\t\t\t\t\t\t<\/sr7-slide>\n\t\t\t\t\t<\/sr7-content>\n\t\t\t\t\t<image_lists style=\"display:none\">\n\t\t\t\t\t\t<img data-src=\"\/\/www.elmont-pro.com\/wp-content\/uploads\/revslider\/slider-2-1\/slajder-1-min.png\" data-libid=\"16536\" data-lib=\"medialibrary\" title=\"slajder-1-min.png\" width=\"0\" height=\"0\" data-dbsrc=\"Ly93d3cuZWxtb250LXByby5jb20vd3AtY29udGVudC91cGxvYWRzL3JldnNsaWRlci9zbGlkZXItMi0xL3NsYWpkZXItMS1taW4ucG5n\"\/>\n\t\t\t\t\t\t<img data-src=\"\/\/www.elmont-pro.com\/wp-content\/uploads\/revslider\/slider-2-1\/slajder-2-min.png\" data-libid=\"16537\" data-lib=\"medialibrary\" title=\"slajder-2-min.png\" width=\"0\" height=\"0\" data-dbsrc=\"Ly93d3cuZWxtb250LXByby5jb20vd3AtY29udGVudC91cGxvYWRzL3JldnNsaWRlci9zbGlkZXItMi0xL3NsYWpkZXItMi1taW4ucG5n\"\/>\n\t\t\t\t\t\t<img data-src=\"\/\/www.elmont-pro.com\/wp-content\/uploads\/revslider\/slider-2-1\/slajder-3-min.png\" data-libid=\"16538\" data-lib=\"medialibrary\" title=\"slajder-3-min.png\" width=\"0\" height=\"0\" data-dbsrc=\"Ly93d3cuZWxtb250LXByby5jb20vd3AtY29udGVudC91cGxvYWRzL3JldnNsaWRlci9zbGlkZXItMi0xL3NsYWpkZXItMy1taW4ucG5n\"\/>\n\t\t\t\t\t<\/image_lists>\n\t\t\t\t<\/sr7-module>\n\t\t\t\t<script>\n\t\t\t\t\tSR7.PMH ??={}; SR7.PMH[\"SR7_9_1\"] = {cn:100,state:false,fn: function() { if (_tpt!==undefined && _tpt.prepareModuleHeight !== undefined) {  _tpt.prepareModuleHeight({id:\"SR7_9_1\",el:[800,800,683,683,800],type:'standard',shdw:'0',gh:[800,800,683,683,800],gw:[1200,1200,1200,777,480],vpt:['-100px&#039;,&#039;-100px&#039;,&#039;-100px&#039;,&#039;-100px&#039;,&#039;-100px'],size:{fullWidth:true, fullHeight:false},mh:'0',onh:0,onw:0,bg:{color:'{\"orig\":\"transparent\",\"type\":\"solid\",\"string\":\"transparent\"}'}});   SR7.PMH[\"SR7_9_1\"].state=true;} else if(SR7.PMH[\"SR7_9_1\"].cn-->0)\tsetTimeout( SR7.PMH[\"SR7_9_1\"].fn,19);}};SR7.PMH[\"SR7_9_1\" ].fn();\n\t\t\t\t<\/script>\n<\/div>\n\n\t\t\t\t\t\t<\/div>\n\t\t\t\t<\/div>\n\t\t            <\/div>\r\n        <\/div>\r\n        \t\t\t<\/div>\n\t\t<\/section>\n\t\t        <section class=\"elementor-section elementor-top-section elementor-element elementor-element-8f95644 elementor-section-stretched elementor-section-boxed elementor-section-height-default elementor-section-height-default pxl-row-scroll-none pxl-zoom-point-false pxl-section-overflow-visible pxl-section-fix-none pxl-bg-color-none pxl-section-overlay-none\" data-id=\"8f95644\" data-element_type=\"section\" data-settings=\"{&quot;stretch_section&quot;:&quot;section-stretched&quot;}\">\n\n                \n                <div class=\"elementor-container elementor-column-gap-extended\">\n                <div class=\"elementor-column elementor-col-100 elementor-top-column elementor-element elementor-element-46b1df5 pxl-column-none pxl-column-overflow-hidden-no\" data-id=\"46b1df5\" data-element_type=\"column\">\r\n        <div class=\"elementor-widget-wrap elementor-element-populated\">\r\n                     \r\n        \t\t<div class=\"elementor-element elementor-element-3eca9de elementor-widget elementor-widget-pxl_text_slip\" data-id=\"3eca9de\" data-element_type=\"widget\" data-widget_type=\"pxl_text_slip.default\">\n\t\t\t\t<div class=\"elementor-widget-container\">\n\t\t\t\t\t\t<div class=\"pxl-text-slip pxl-text-slip1 pxl-slide-to-left ic-no\" data-wow-delay=\"ms\">\n\t\t<div class=\"pxl-item--container\">\n\t\t\t<div class=\"pxl-item--inner\" style=\"animation-duration:15000ms\">\n\t\t\t\t\t\t\t\t\t\t\t\t\t<h3 class=\"pxl-item--text\">\t\t\t\t\t\n\t\t\t\t\t<span class=\"pxl-text-backdrop\">Fachwissen und Erfahrung<\/span>\n\t\t\t\t\t<\/h3>\n\t\t\t\t\t\t\t\t\t<h3 class=\"pxl-item--text\">\t\t\t\t\t\n\t\t\t\t\t<span class=\"pxl-text-backdrop\">Intelligente und effiziente L\u00f6sungen<\/span>\n\t\t\t\t\t<\/h3>\n\t\t\t\t\t\t\t\t\t<h3 class=\"pxl-item--text\">\t\t\t\t\t\n\t\t\t\t\t<span class=\"pxl-text-backdrop\">Sicherheit geht vor<\/span>\n\t\t\t\t\t<\/h3>\n\t\t\t\t\t\t\t\t\t<h3 class=\"pxl-item--text\">\t\t\t\t\t\n\t\t\t\t\t<span class=\"pxl-text-backdrop\">Fachwissen und Erfahrung<\/span>\n\t\t\t\t\t<\/h3>\n\t\t\t\t\t\t\t\t\t<h3 class=\"pxl-item--text\">\t\t\t\t\t\n\t\t\t\t\t<span class=\"pxl-text-backdrop\">Intelligente und effiziente L\u00f6sungen<\/span>\n\t\t\t\t\t<\/h3>\n\t\t\t\t\t\t\t\t\t<h3 class=\"pxl-item--text\">\t\t\t\t\t\n\t\t\t\t\t<span class=\"pxl-text-backdrop\">Sicherheit geht vor<\/span>\n\t\t\t\t\t<\/h3>\n\t\t\t\t\t\t\t\t\t<h3 class=\"pxl-item--text\">\t\t\t\t\t\n\t\t\t\t\t<span class=\"pxl-text-backdrop\">Fachwissen und Erfahrung<\/span>\n\t\t\t\t\t<\/h3>\n\t\t\t\t\t\t\t\t\t<h3 class=\"pxl-item--text\">\t\t\t\t\t\n\t\t\t\t\t<span class=\"pxl-text-backdrop\">Intelligente und effiziente L\u00f6sungen<\/span>\n\t\t\t\t\t<\/h3>\n\t\t\t\t\t\t\t\t\t<h3 class=\"pxl-item--text\">\t\t\t\t\t\n\t\t\t\t\t<span class=\"pxl-text-backdrop\">Sicherheit geht vor<\/span>\n\t\t\t\t\t<\/h3>\n\t\t\t\t\t\t\t\t\t<h3 class=\"pxl-item--text\">\t\t\t\t\t\n\t\t\t\t\t<span class=\"pxl-text-backdrop\">Fachwissen und Erfahrung<\/span>\n\t\t\t\t\t<\/h3>\n\t\t\t\t\t\t\t\t\t<h3 class=\"pxl-item--text\">\t\t\t\t\t\n\t\t\t\t\t<span class=\"pxl-text-backdrop\">Intelligente und effiziente L\u00f6sungen<\/span>\n\t\t\t\t\t<\/h3>\n\t\t\t\t\t\t\t\t\t<h3 class=\"pxl-item--text\">\t\t\t\t\t\n\t\t\t\t\t<span class=\"pxl-text-backdrop\">Sicherheit geht vor<\/span>\n\t\t\t\t\t<\/h3>\n\t\t\t\t\t\t\t\t\t<h3 class=\"pxl-item--text\">\t\t\t\t\t\n\t\t\t\t\t<span class=\"pxl-text-backdrop\">Fachwissen und Erfahrung<\/span>\n\t\t\t\t\t<\/h3>\n\t\t\t\t\t\t\t\t\t<h3 class=\"pxl-item--text\">\t\t\t\t\t\n\t\t\t\t\t<span class=\"pxl-text-backdrop\">Intelligente und effiziente L\u00f6sungen<\/span>\n\t\t\t\t\t<\/h3>\n\t\t\t\t\t\t\t\t\t<h3 class=\"pxl-item--text\">\t\t\t\t\t\n\t\t\t\t\t<span class=\"pxl-text-backdrop\">Sicherheit geht vor<\/span>\n\t\t\t\t\t<\/h3>\n\t\t\t\t\t\t\t\t\t<\/div>\n\t<\/div>\n<\/div>\n\t\t\t\t<\/div>\n\t\t\t\t<\/div>\n\t\t            <\/div>\r\n        <\/div>\r\n        \t\t\t<\/div>\n\t\t<\/section>\n\t\t\t\t<\/div>","protected":false},"excerpt":{"rendered":"<p>Expertise and experience Smart and efficient solutions Safety first Expertise and experience Smart and efficient solutions Safety first Expertise and experience Smart and efficient solutions Safety first Expertise and experience Smart and efficient solutions Safety first Expertise and experience Smart and efficient solutions Safety first<\/p>","protected":false},"author":1,"featured_media":0,"parent":0,"menu_order":0,"comment_status":"closed","ping_status":"closed","template":"","meta":{"footnotes":""},"class_list":["post-10628","page","type-page","status-publish","hentry"],"yoast_head":"<!-- This site is optimized with the Yoast SEO plugin v26.2 - https:\/\/yoast.com\/wordpress\/plugins\/seo\/ -->\n<title>ElmontPro - Reliable electrical solutions for every project<\/title>\n<meta name=\"description\" content=\"Elmont-Pro is a company with a tradition of over 25 years, specialized in the design, construction and maintenance of electrical and communication installations.\" \/>\n<meta name=\"robots\" content=\"index, follow, max-snippet:-1, max-image-preview:large, max-video-preview:-1\" \/>\n<link rel=\"canonical\" href=\"https:\/\/www.elmont-pro.com\/de\/\" \/>\n<meta property=\"og:locale\" content=\"de_DE\" \/>\n<meta property=\"og:type\" content=\"article\" \/>\n<meta property=\"og:title\" content=\"ElmontPro - Reliable electrical solutions for every project\" \/>\n<meta property=\"og:description\" content=\"Elmont-Pro is a company with a tradition of over 25 years, specialized in the design, construction and maintenance of electrical and communication installations.\" \/>\n<meta property=\"og:url\" content=\"https:\/\/www.elmont-pro.com\/de\/\" \/>\n<meta property=\"og:site_name\" content=\"ElmontPro\" \/>\n<meta property=\"article:publisher\" content=\"https:\/\/www.facebook.com\/people\/Elmont-PRO\/61579604308192\/\" \/>\n<meta property=\"article:modified_time\" content=\"2025-10-24T10:34:17+00:00\" \/>\n<meta property=\"og:image\" content=\"https:\/\/www.elmont-pro.com\/wp-content\/uploads\/2024\/05\/elmont-pro-logo.png\" \/>\n\t<meta property=\"og:image:width\" content=\"744\" \/>\n\t<meta property=\"og:image:height\" content=\"514\" \/>\n\t<meta property=\"og:image:type\" content=\"image\/png\" \/>\n<meta name=\"twitter:card\" content=\"summary_large_image\" \/>\n<meta name=\"twitter:label1\" content=\"Gesch\u00e4tzte Lesezeit\" \/>\n\t<meta name=\"twitter:data1\" content=\"1\u00a0Minute\" \/>\n<script type=\"application\/ld+json\" class=\"yoast-schema-graph\">{\"@context\":\"https:\/\/schema.org\",\"@graph\":[{\"@type\":\"WebPage\",\"@id\":\"https:\/\/www.elmont-pro.com\/\",\"url\":\"https:\/\/www.elmont-pro.com\/\",\"name\":\"ElmontPro - Reliable electrical solutions for every project\",\"isPartOf\":{\"@id\":\"https:\/\/www.elmont-pro.com\/#website\"},\"datePublished\":\"2024-05-22T01:24:57+00:00\",\"dateModified\":\"2025-10-24T10:34:17+00:00\",\"description\":\"Elmont-Pro is a company with a tradition of over 25 years, specialized in the design, construction and maintenance of electrical and communication installations.\",\"breadcrumb\":{\"@id\":\"https:\/\/www.elmont-pro.com\/#breadcrumb\"},\"inLanguage\":\"de\",\"potentialAction\":[{\"@type\":\"ReadAction\",\"target\":[\"https:\/\/www.elmont-pro.com\/\"]}]},{\"@type\":\"BreadcrumbList\",\"@id\":\"https:\/\/www.elmont-pro.com\/#breadcrumb\",\"itemListElement\":[{\"@type\":\"ListItem\",\"position\":1,\"name\":\"Home\",\"item\":\"https:\/\/www.elmont-pro.com\/\"},{\"@type\":\"ListItem\",\"position\":2,\"name\":\"Home\"}]},{\"@type\":\"WebSite\",\"@id\":\"https:\/\/www.elmont-pro.com\/#website\",\"url\":\"https:\/\/www.elmont-pro.com\/\",\"name\":\"ElmontPro\",\"description\":\"Reliable electrical solutions for every project\",\"publisher\":{\"@id\":\"https:\/\/www.elmont-pro.com\/#organization\"},\"potentialAction\":[{\"@type\":\"SearchAction\",\"target\":{\"@type\":\"EntryPoint\",\"urlTemplate\":\"https:\/\/www.elmont-pro.com\/?s={search_term_string}\"},\"query-input\":{\"@type\":\"PropertyValueSpecification\",\"valueRequired\":true,\"valueName\":\"search_term_string\"}}],\"inLanguage\":\"de\"},{\"@type\":\"Organization\",\"@id\":\"https:\/\/www.elmont-pro.com\/#organization\",\"name\":\"ElmontPro\",\"url\":\"https:\/\/www.elmont-pro.com\/\",\"logo\":{\"@type\":\"ImageObject\",\"inLanguage\":\"de\",\"@id\":\"https:\/\/www.elmont-pro.com\/#\/schema\/logo\/image\/\",\"url\":\"https:\/\/www.elmont-pro.com\/wp-content\/uploads\/2024\/05\/elmont-pro-logo.png\",\"contentUrl\":\"https:\/\/www.elmont-pro.com\/wp-content\/uploads\/2024\/05\/elmont-pro-logo.png\",\"width\":744,\"height\":514,\"caption\":\"ElmontPro\"},\"image\":{\"@id\":\"https:\/\/www.elmont-pro.com\/#\/schema\/logo\/image\/\"},\"sameAs\":[\"https:\/\/www.facebook.com\/people\/Elmont-PRO\/61579604308192\/\"]}]}<\/script>\n<!-- \/ Yoast SEO plugin. -->","yoast_head_json":{"title":"ElmontPro - Reliable electrical solutions for every project","description":"Elmont-Pro is a company with a tradition of over 25 years, specialized in the design, construction and maintenance of electrical and communication installations.","robots":{"index":"index","follow":"follow","max-snippet":"max-snippet:-1","max-image-preview":"max-image-preview:large","max-video-preview":"max-video-preview:-1"},"canonical":"https:\/\/www.elmont-pro.com\/de\/","og_locale":"de_DE","og_type":"article","og_title":"ElmontPro - Reliable electrical solutions for every project","og_description":"Elmont-Pro is a company with a tradition of over 25 years, specialized in the design, construction and maintenance of electrical and communication installations.","og_url":"https:\/\/www.elmont-pro.com\/de\/","og_site_name":"ElmontPro","article_publisher":"https:\/\/www.facebook.com\/people\/Elmont-PRO\/61579604308192\/","article_modified_time":"2025-10-24T10:34:17+00:00","og_image":[{"width":744,"height":514,"url":"https:\/\/www.elmont-pro.com\/wp-content\/uploads\/2024\/05\/elmont-pro-logo.png","type":"image\/png"}],"twitter_card":"summary_large_image","twitter_misc":{"Gesch\u00e4tzte Lesezeit":"1\u00a0Minute"},"schema":{"@context":"https:\/\/schema.org","@graph":[{"@type":"WebPage","@id":"https:\/\/www.elmont-pro.com\/","url":"https:\/\/www.elmont-pro.com\/","name":"ElmontPro - Reliable electrical solutions for every project","isPartOf":{"@id":"https:\/\/www.elmont-pro.com\/#website"},"datePublished":"2024-05-22T01:24:57+00:00","dateModified":"2025-10-24T10:34:17+00:00","description":"Elmont-Pro is a company with a tradition of over 25 years, specialized in the design, construction and maintenance of electrical and communication installations.","breadcrumb":{"@id":"https:\/\/www.elmont-pro.com\/#breadcrumb"},"inLanguage":"de","potentialAction":[{"@type":"ReadAction","target":["https:\/\/www.elmont-pro.com\/"]}]},{"@type":"BreadcrumbList","@id":"https:\/\/www.elmont-pro.com\/#breadcrumb","itemListElement":[{"@type":"ListItem","position":1,"name":"Home","item":"https:\/\/www.elmont-pro.com\/"},{"@type":"ListItem","position":2,"name":"Home"}]},{"@type":"WebSite","@id":"https:\/\/www.elmont-pro.com\/#website","url":"https:\/\/www.elmont-pro.com\/","name":"ElmontPro","description":"Reliable electrical solutions for every project","publisher":{"@id":"https:\/\/www.elmont-pro.com\/#organization"},"potentialAction":[{"@type":"SearchAction","target":{"@type":"EntryPoint","urlTemplate":"https:\/\/www.elmont-pro.com\/?s={search_term_string}"},"query-input":{"@type":"PropertyValueSpecification","valueRequired":true,"valueName":"search_term_string"}}],"inLanguage":"de"},{"@type":"Organization","@id":"https:\/\/www.elmont-pro.com\/#organization","name":"ElmontPro","url":"https:\/\/www.elmont-pro.com\/","logo":{"@type":"ImageObject","inLanguage":"de","@id":"https:\/\/www.elmont-pro.com\/#\/schema\/logo\/image\/","url":"https:\/\/www.elmont-pro.com\/wp-content\/uploads\/2024\/05\/elmont-pro-logo.png","contentUrl":"https:\/\/www.elmont-pro.com\/wp-content\/uploads\/2024\/05\/elmont-pro-logo.png","width":744,"height":514,"caption":"ElmontPro"},"image":{"@id":"https:\/\/www.elmont-pro.com\/#\/schema\/logo\/image\/"},"sameAs":["https:\/\/www.facebook.com\/people\/Elmont-PRO\/61579604308192\/"]}]}},"_links":{"self":[{"href":"https:\/\/www.elmont-pro.com\/de\/wp-json\/wp\/v2\/pages\/10628","targetHints":{"allow":["GET"]}}],"collection":[{"href":"https:\/\/www.elmont-pro.com\/de\/wp-json\/wp\/v2\/pages"}],"about":[{"href":"https:\/\/www.elmont-pro.com\/de\/wp-json\/wp\/v2\/types\/page"}],"author":[{"embeddable":true,"href":"https:\/\/www.elmont-pro.com\/de\/wp-json\/wp\/v2\/users\/1"}],"replies":[{"embeddable":true,"href":"https:\/\/www.elmont-pro.com\/de\/wp-json\/wp\/v2\/comments?post=10628"}],"version-history":[{"count":31,"href":"https:\/\/www.elmont-pro.com\/de\/wp-json\/wp\/v2\/pages\/10628\/revisions"}],"predecessor-version":[{"id":16723,"href":"https:\/\/www.elmont-pro.com\/de\/wp-json\/wp\/v2\/pages\/10628\/revisions\/16723"}],"wp:attachment":[{"href":"https:\/\/www.elmont-pro.com\/de\/wp-json\/wp\/v2\/media?parent=10628"}],"curies":[{"name":"wp","href":"https:\/\/api.w.org\/{rel}","templated":true}]}}